{"id":14805,"date":"2022-08-05T11:55:35","date_gmt":"2022-08-05T09:55:35","guid":{"rendered":"https:\/\/gofi.fr\/admin\/?post_type=product&#038;p=14805"},"modified":"2022-08-05T16:41:18","modified_gmt":"2022-08-05T14:41:18","slug":"renouvellement-membre-du-gofi","status":"publish","type":"product","link":"https:\/\/gofi.fr\/admin\/produit\/renouvellement-membre-du-gofi\/","title":{"rendered":"Renouvellement &#8211; Membre du GOFI"},"content":{"rendered":"<p><strong>Abonnement annuel pour devenir &#8220;membre&#8221; du GOFI.<\/strong><\/p>\n<ul>\n<li>Un acc\u00e8s \u00e0 l&#8217;ensemble des op\u00e9rateurs fun\u00e9raires ind\u00e9pendants adh\u00e9rents<\/li>\n<li>Toute l\u2019actualit\u00e9 du GOFI en temps r\u00e9el<\/li>\n<li>Un acc\u00e8s \u00e0 une carte interactive pour localiser tous les OFI<\/li>\n<li>Une messagerie pour discuter avec l&#8217;ensemble des membres du GOFI<\/li>\n<li>Un espace \u201cPetites annonces\u201d pour vendre ou acheter un produit ou un service<\/li>\n<li>Un espace &#8220;Forum&#8221; pour trouver les r\u00e9ponses \u00e0 vos questions<\/li>\n<\/ul>\n<p>Cotisation initiale (1 \u00e0 2 agences) : 500,00 \u20ac HT.<\/p>\n<p>Nombre d&#8217;agences suppl\u00e9mentaires (\u00e0 partir de la troisi\u00e8me) : 100,00 \u20ac HT.<\/p>\n","protected":false},"excerpt":{"rendered":"<p>Abonnement mensuel pour devenir &#8220;membre&#8221; du GOFI.<\/p>\n<ul>\n<li>Un acc\u00e8s \u00e0 plus de 444 op\u00e9rateurs fun\u00e9raires ind\u00e9pendants<\/li>\n<li>Toute l&#8217;actualit\u00e9 du GOFI en temps r\u00e9el<\/li>\n<li>Un acc\u00e8s \u00e0 une carte interactive pour localiser tous les OFI<\/li>\n<li>Une messagerie pour discuter avec l&#8217;ensemble des membres du GOFI<\/li>\n<li>Un espace &#8220;Petites annonces&#8221; pour vendre ou acheter un bien<\/li>\n<li>Un espace &#8220;Forum&#8221; pour trouver les r\u00e9ponses \u00e0 vos questions<\/li>\n<\/ul>\n","protected":false},"featured_media":14222,"comment_status":"open","ping_status":"closed","template":"","meta":{"_bbp_topic_count":0,"_bbp_reply_count":0,"_bbp_total_topic_count":0,"_bbp_total_reply_count":0,"_bbp_voice_count":0,"_bbp_anonymous_reply_count":0,"_bbp_topic_count_hidden":0,"_bbp_reply_count_hidden":0,"_bbp_forum_subforum_count":0,"pmpro_default_level":0},"product_cat":[105],"product_tag":[],"class_list":{"0":"post-14805","1":"product","2":"type-product","3":"status-publish","4":"has-post-thumbnail","6":"product_cat-membre-renouvellement","7":"pmpro-has-access","9":"first","10":"instock","11":"sold-individually","12":"taxable","13":"shipping-taxable","14":"purchasable","15":"product-type-variable"},"yoast_head":"<!-- This site is optimized with the Yoast SEO plugin v25.5 - https:\/\/yoast.com\/wordpress\/plugins\/seo\/ -->\n<title>Renouvellement - Membre du GOFI - GOFI Espace Membre<\/title>\n<meta name=\"robots\" content=\"index, follow, max-snippet:-1, max-image-preview:large, max-video-preview:-1\" \/>\n<link rel=\"canonical\" href=\"https:\/\/gofi.fr\/admin\/produit\/renouvellement-membre-du-gofi\/\" \/>\n<meta property=\"og:locale\" content=\"fr_FR\" \/>\n<meta property=\"og:type\" content=\"article\" \/>\n<meta property=\"og:title\" content=\"Renouvellement - Membre du GOFI - GOFI Espace Membre\" \/>\n<meta property=\"og:description\" content=\"Abonnement mensuel pour devenir &quot;membre&quot; du GOFI.   Un acc\u00e8s \u00e0 plus de 444 op\u00e9rateurs fun\u00e9raires ind\u00e9pendants  Toute l&#039;actualit\u00e9 du GOFI en temps r\u00e9el  Un acc\u00e8s \u00e0 une carte interactive pour localiser tous les OFI  Une messagerie pour discuter avec l&#039;ensemble des membres du GOFI  Un espace &quot;Petites annonces&quot; pour vendre ou acheter un bien  Un espace &quot;Forum&quot; pour trouver les r\u00e9ponses \u00e0 vos questions\" \/>\n<meta property=\"og:url\" content=\"https:\/\/gofi.fr\/admin\/produit\/renouvellement-membre-du-gofi\/\" \/>\n<meta property=\"og:site_name\" content=\"GOFI Espace Membre\" \/>\n<meta property=\"article:modified_time\" content=\"2022-08-05T14:41:18+00:00\" \/>\n<meta property=\"og:image\" content=\"https:\/\/gofi.fr\/admin\/wp-content\/uploads\/sites\/2\/2022\/03\/logo.png\" \/>\n\t<meta property=\"og:image:width\" content=\"662\" \/>\n\t<meta property=\"og:image:height\" content=\"769\" \/>\n\t<meta property=\"og:image:type\" content=\"image\/png\" \/>\n<meta name=\"twitter:card\" content=\"summary_large_image\" \/>\n<script type=\"application\/ld+json\" class=\"yoast-schema-graph\">{\"@context\":\"https:\/\/schema.org\",\"@graph\":[{\"@type\":\"WebPage\",\"@id\":\"https:\/\/gofi.fr\/admin\/produit\/renouvellement-membre-du-gofi\/\",\"url\":\"https:\/\/gofi.fr\/admin\/produit\/renouvellement-membre-du-gofi\/\",\"name\":\"Renouvellement - Membre du GOFI - GOFI Espace Membre\",\"isPartOf\":{\"@id\":\"https:\/\/gofi.fr\/admin\/#website\"},\"primaryImageOfPage\":{\"@id\":\"https:\/\/gofi.fr\/admin\/produit\/renouvellement-membre-du-gofi\/#primaryimage\"},\"image\":{\"@id\":\"https:\/\/gofi.fr\/admin\/produit\/renouvellement-membre-du-gofi\/#primaryimage\"},\"thumbnailUrl\":\"https:\/\/gofi.fr\/admin\/wp-content\/uploads\/sites\/2\/2022\/03\/logo.png\",\"datePublished\":\"2022-08-05T09:55:35+00:00\",\"dateModified\":\"2022-08-05T14:41:18+00:00\",\"breadcrumb\":{\"@id\":\"https:\/\/gofi.fr\/admin\/produit\/renouvellement-membre-du-gofi\/#breadcrumb\"},\"inLanguage\":\"fr-FR\",\"potentialAction\":[{\"@type\":\"ReadAction\",\"target\":[\"https:\/\/gofi.fr\/admin\/produit\/renouvellement-membre-du-gofi\/\"]}]},{\"@type\":\"ImageObject\",\"inLanguage\":\"fr-FR\",\"@id\":\"https:\/\/gofi.fr\/admin\/produit\/renouvellement-membre-du-gofi\/#primaryimage\",\"url\":\"https:\/\/gofi.fr\/admin\/wp-content\/uploads\/sites\/2\/2022\/03\/logo.png\",\"contentUrl\":\"https:\/\/gofi.fr\/admin\/wp-content\/uploads\/sites\/2\/2022\/03\/logo.png\",\"width\":662,\"height\":769},{\"@type\":\"BreadcrumbList\",\"@id\":\"https:\/\/gofi.fr\/admin\/produit\/renouvellement-membre-du-gofi\/#breadcrumb\",\"itemListElement\":[{\"@type\":\"ListItem\",\"position\":1,\"name\":\"Accueil\",\"item\":\"https:\/\/gofi.fr\/admin\/\"},{\"@type\":\"ListItem\",\"position\":2,\"name\":\"Offres d&#8217;abonnement\",\"item\":\"https:\/\/gofi.fr\/admin\/boutique\/\"},{\"@type\":\"ListItem\",\"position\":3,\"name\":\"Renouvellement &#8211; Membre du GOFI\"}]},{\"@type\":\"WebSite\",\"@id\":\"https:\/\/gofi.fr\/admin\/#website\",\"url\":\"https:\/\/gofi.fr\/admin\/\",\"name\":\"GOFI Espace Membre\",\"description\":\"L&#039;espace membre du site GOFI\",\"publisher\":{\"@id\":\"https:\/\/gofi.fr\/admin\/#organization\"},\"potentialAction\":[{\"@type\":\"SearchAction\",\"target\":{\"@type\":\"EntryPoint\",\"urlTemplate\":\"https:\/\/gofi.fr\/admin\/?s={search_term_string}\"},\"query-input\":{\"@type\":\"PropertyValueSpecification\",\"valueRequired\":true,\"valueName\":\"search_term_string\"}}],\"inLanguage\":\"fr-FR\"},{\"@type\":\"Organization\",\"@id\":\"https:\/\/gofi.fr\/admin\/#organization\",\"name\":\"GOFI Espace Membre\",\"url\":\"https:\/\/gofi.fr\/admin\/\",\"logo\":{\"@type\":\"ImageObject\",\"inLanguage\":\"fr-FR\",\"@id\":\"https:\/\/gofi.fr\/admin\/#\/schema\/logo\/image\/\",\"url\":\"https:\/\/gofi.fr\/admin\/wp-content\/uploads\/sites\/2\/2021\/11\/cropped-logo.png\",\"contentUrl\":\"https:\/\/gofi.fr\/admin\/wp-content\/uploads\/sites\/2\/2021\/11\/cropped-logo.png\",\"width\":512,\"height\":512,\"caption\":\"GOFI Espace Membre\"},\"image\":{\"@id\":\"https:\/\/gofi.fr\/admin\/#\/schema\/logo\/image\/\"}}]}<\/script>\n<!-- \/ Yoast SEO plugin. -->","yoast_head_json":{"title":"Renouvellement - Membre du GOFI - GOFI Espace Membre","robots":{"index":"index","follow":"follow","max-snippet":"max-snippet:-1","max-image-preview":"max-image-preview:large","max-video-preview":"max-video-preview:-1"},"canonical":"https:\/\/gofi.fr\/admin\/produit\/renouvellement-membre-du-gofi\/","og_locale":"fr_FR","og_type":"article","og_title":"Renouvellement - Membre du GOFI - GOFI Espace Membre","og_description":"Abonnement mensuel pour devenir \"membre\" du GOFI.   Un acc\u00e8s \u00e0 plus de 444 op\u00e9rateurs fun\u00e9raires ind\u00e9pendants  Toute l'actualit\u00e9 du GOFI en temps r\u00e9el  Un acc\u00e8s \u00e0 une carte interactive pour localiser tous les OFI  Une messagerie pour discuter avec l'ensemble des membres du GOFI  Un espace \"Petites annonces\" pour vendre ou acheter un bien  Un espace \"Forum\" pour trouver les r\u00e9ponses \u00e0 vos questions","og_url":"https:\/\/gofi.fr\/admin\/produit\/renouvellement-membre-du-gofi\/","og_site_name":"GOFI Espace Membre","article_modified_time":"2022-08-05T14:41:18+00:00","og_image":[{"width":662,"height":769,"url":"https:\/\/gofi.fr\/admin\/wp-content\/uploads\/sites\/2\/2022\/03\/logo.png","type":"image\/png"}],"twitter_card":"summary_large_image","schema":{"@context":"https:\/\/schema.org","@graph":[{"@type":"WebPage","@id":"https:\/\/gofi.fr\/admin\/produit\/renouvellement-membre-du-gofi\/","url":"https:\/\/gofi.fr\/admin\/produit\/renouvellement-membre-du-gofi\/","name":"Renouvellement - Membre du GOFI - GOFI Espace Membre","isPartOf":{"@id":"https:\/\/gofi.fr\/admin\/#website"},"primaryImageOfPage":{"@id":"https:\/\/gofi.fr\/admin\/produit\/renouvellement-membre-du-gofi\/#primaryimage"},"image":{"@id":"https:\/\/gofi.fr\/admin\/produit\/renouvellement-membre-du-gofi\/#primaryimage"},"thumbnailUrl":"https:\/\/gofi.fr\/admin\/wp-content\/uploads\/sites\/2\/2022\/03\/logo.png","datePublished":"2022-08-05T09:55:35+00:00","dateModified":"2022-08-05T14:41:18+00:00","breadcrumb":{"@id":"https:\/\/gofi.fr\/admin\/produit\/renouvellement-membre-du-gofi\/#breadcrumb"},"inLanguage":"fr-FR","potentialAction":[{"@type":"ReadAction","target":["https:\/\/gofi.fr\/admin\/produit\/renouvellement-membre-du-gofi\/"]}]},{"@type":"ImageObject","inLanguage":"fr-FR","@id":"https:\/\/gofi.fr\/admin\/produit\/renouvellement-membre-du-gofi\/#primaryimage","url":"https:\/\/gofi.fr\/admin\/wp-content\/uploads\/sites\/2\/2022\/03\/logo.png","contentUrl":"https:\/\/gofi.fr\/admin\/wp-content\/uploads\/sites\/2\/2022\/03\/logo.png","width":662,"height":769},{"@type":"BreadcrumbList","@id":"https:\/\/gofi.fr\/admin\/produit\/renouvellement-membre-du-gofi\/#breadcrumb","itemListElement":[{"@type":"ListItem","position":1,"name":"Accueil","item":"https:\/\/gofi.fr\/admin\/"},{"@type":"ListItem","position":2,"name":"Offres d&#8217;abonnement","item":"https:\/\/gofi.fr\/admin\/boutique\/"},{"@type":"ListItem","position":3,"name":"Renouvellement &#8211; Membre du GOFI"}]},{"@type":"WebSite","@id":"https:\/\/gofi.fr\/admin\/#website","url":"https:\/\/gofi.fr\/admin\/","name":"GOFI Espace Membre","description":"L&#039;espace membre du site GOFI","publisher":{"@id":"https:\/\/gofi.fr\/admin\/#organization"},"potentialAction":[{"@type":"SearchAction","target":{"@type":"EntryPoint","urlTemplate":"https:\/\/gofi.fr\/admin\/?s={search_term_string}"},"query-input":{"@type":"PropertyValueSpecification","valueRequired":true,"valueName":"search_term_string"}}],"inLanguage":"fr-FR"},{"@type":"Organization","@id":"https:\/\/gofi.fr\/admin\/#organization","name":"GOFI Espace Membre","url":"https:\/\/gofi.fr\/admin\/","logo":{"@type":"ImageObject","inLanguage":"fr-FR","@id":"https:\/\/gofi.fr\/admin\/#\/schema\/logo\/image\/","url":"https:\/\/gofi.fr\/admin\/wp-content\/uploads\/sites\/2\/2021\/11\/cropped-logo.png","contentUrl":"https:\/\/gofi.fr\/admin\/wp-content\/uploads\/sites\/2\/2021\/11\/cropped-logo.png","width":512,"height":512,"caption":"GOFI Espace Membre"},"image":{"@id":"https:\/\/gofi.fr\/admin\/#\/schema\/logo\/image\/"}}]}},"post_mailing_queue_ids":[],"_links":{"self":[{"href":"https:\/\/gofi.fr\/admin\/wp-json\/wp\/v2\/product\/14805"}],"collection":[{"href":"https:\/\/gofi.fr\/admin\/wp-json\/wp\/v2\/product"}],"about":[{"href":"https:\/\/gofi.fr\/admin\/wp-json\/wp\/v2\/types\/product"}],"replies":[{"embeddable":true,"href":"https:\/\/gofi.fr\/admin\/wp-json\/wp\/v2\/comments?post=14805"}],"wp:featuredmedia":[{"embeddable":true,"href":"https:\/\/gofi.fr\/admin\/wp-json\/wp\/v2\/media\/14222"}],"wp:attachment":[{"href":"https:\/\/gofi.fr\/admin\/wp-json\/wp\/v2\/media?parent=14805"}],"wp:term":[{"taxonomy":"product_cat","embeddable":true,"href":"https:\/\/gofi.fr\/admin\/wp-json\/wp\/v2\/product_cat?post=14805"},{"taxonomy":"product_tag","embeddable":true,"href":"https:\/\/gofi.fr\/admin\/wp-json\/wp\/v2\/product_tag?post=14805"}],"curies":[{"name":"wp","href":"https:\/\/api.w.org\/{rel}","templated":true}]}}