{"id":14794,"date":"2022-08-05T11:41:30","date_gmt":"2022-08-05T09:41:30","guid":{"rendered":"https:\/\/gofi.fr\/admin\/?post_type=product&#038;p=14794"},"modified":"2026-03-11T16:23:03","modified_gmt":"2026-03-11T15:23:03","slug":"partenaire-du-gofi-pack-soutiens","status":"publish","type":"product","link":"https:\/\/gofi.fr\/admin\/produit\/partenaire-du-gofi-pack-soutiens\/","title":{"rendered":"Partenaire du GOFI &#8211; Pack Soutien"},"content":{"rendered":"<p><strong>Pack Soutien<\/strong><\/p>\n<ul>\n<li>Visibilit\u00e9 sur le Kak\u00e9mono<\/li>\n<li>1 pr\u00e9sentation au sein de la newsletter trimestrielle du GOFI<\/li>\n<\/ul>\n<p>&nbsp;<\/p>\n","protected":false},"excerpt":{"rendered":"<p>Pack Soutien Visibilit\u00e9 sur le Kak\u00e9mono 1 pr\u00e9sentation au sein de la newsletter trimestrielle du GOFI &nbsp;<\/p>\n","protected":false},"featured_media":14222,"comment_status":"closed","ping_status":"closed","template":"","meta":{"_bbp_topic_count":0,"_bbp_reply_count":0,"_bbp_total_topic_count":0,"_bbp_total_reply_count":0,"_bbp_voice_count":0,"_bbp_anonymous_reply_count":0,"_bbp_topic_count_hidden":0,"_bbp_reply_count_hidden":0,"_bbp_forum_subforum_count":0,"pmpro_default_level":0},"product_cat":[104],"product_tag":[],"class_list":{"0":"post-14794","1":"product","2":"type-product","3":"status-publish","4":"has-post-thumbnail","6":"product_cat-partenaire","7":"pmpro-has-access","9":"first","10":"instock","11":"sold-individually","12":"taxable","13":"shipping-taxable","14":"purchasable","15":"product-type-variable"},"yoast_head":"<!-- This site is optimized with the Yoast SEO plugin v25.5 - https:\/\/yoast.com\/wordpress\/plugins\/seo\/ -->\n<title>Partenaire du GOFI - Pack Soutien - GOFI Espace Membre<\/title>\n<meta name=\"robots\" content=\"index, follow, max-snippet:-1, max-image-preview:large, max-video-preview:-1\" \/>\n<link rel=\"canonical\" href=\"https:\/\/gofi.fr\/admin\/produit\/partenaire-du-gofi-pack-soutiens\/\" \/>\n<meta property=\"og:locale\" content=\"fr_FR\" \/>\n<meta property=\"og:type\" content=\"article\" \/>\n<meta property=\"og:title\" content=\"Partenaire du GOFI - Pack Soutien - GOFI Espace Membre\" \/>\n<meta property=\"og:description\" content=\"Pack Soutien Visibilit\u00e9 sur le Kak\u00e9mono 1 pr\u00e9sentation au sein de la newsletter trimestrielle du GOFI &nbsp;\" \/>\n<meta property=\"og:url\" content=\"https:\/\/gofi.fr\/admin\/produit\/partenaire-du-gofi-pack-soutiens\/\" \/>\n<meta property=\"og:site_name\" content=\"GOFI Espace Membre\" \/>\n<meta property=\"article:modified_time\" content=\"2026-03-11T15:23:03+00:00\" \/>\n<meta property=\"og:image\" content=\"https:\/\/gofi.fr\/admin\/wp-content\/uploads\/sites\/2\/2022\/03\/logo.png\" \/>\n\t<meta property=\"og:image:width\" content=\"662\" \/>\n\t<meta property=\"og:image:height\" content=\"769\" \/>\n\t<meta property=\"og:image:type\" content=\"image\/png\" \/>\n<meta name=\"twitter:card\" content=\"summary_large_image\" \/>\n<meta name=\"twitter:label1\" content=\"Dur\u00e9e de lecture estim\u00e9e\" \/>\n\t<meta name=\"twitter:data1\" content=\"1 minute\" \/>\n<script type=\"application\/ld+json\" class=\"yoast-schema-graph\">{\"@context\":\"https:\/\/schema.org\",\"@graph\":[{\"@type\":\"WebPage\",\"@id\":\"https:\/\/gofi.fr\/admin\/produit\/partenaire-du-gofi-pack-soutiens\/\",\"url\":\"https:\/\/gofi.fr\/admin\/produit\/partenaire-du-gofi-pack-soutiens\/\",\"name\":\"Partenaire du GOFI - Pack Soutien - GOFI Espace Membre\",\"isPartOf\":{\"@id\":\"https:\/\/gofi.fr\/admin\/#website\"},\"primaryImageOfPage\":{\"@id\":\"https:\/\/gofi.fr\/admin\/produit\/partenaire-du-gofi-pack-soutiens\/#primaryimage\"},\"image\":{\"@id\":\"https:\/\/gofi.fr\/admin\/produit\/partenaire-du-gofi-pack-soutiens\/#primaryimage\"},\"thumbnailUrl\":\"https:\/\/gofi.fr\/admin\/wp-content\/uploads\/sites\/2\/2022\/03\/logo.png\",\"datePublished\":\"2022-08-05T09:41:30+00:00\",\"dateModified\":\"2026-03-11T15:23:03+00:00\",\"breadcrumb\":{\"@id\":\"https:\/\/gofi.fr\/admin\/produit\/partenaire-du-gofi-pack-soutiens\/#breadcrumb\"},\"inLanguage\":\"fr-FR\",\"potentialAction\":[{\"@type\":\"ReadAction\",\"target\":[\"https:\/\/gofi.fr\/admin\/produit\/partenaire-du-gofi-pack-soutiens\/\"]}]},{\"@type\":\"ImageObject\",\"inLanguage\":\"fr-FR\",\"@id\":\"https:\/\/gofi.fr\/admin\/produit\/partenaire-du-gofi-pack-soutiens\/#primaryimage\",\"url\":\"https:\/\/gofi.fr\/admin\/wp-content\/uploads\/sites\/2\/2022\/03\/logo.png\",\"contentUrl\":\"https:\/\/gofi.fr\/admin\/wp-content\/uploads\/sites\/2\/2022\/03\/logo.png\",\"width\":662,\"height\":769},{\"@type\":\"BreadcrumbList\",\"@id\":\"https:\/\/gofi.fr\/admin\/produit\/partenaire-du-gofi-pack-soutiens\/#breadcrumb\",\"itemListElement\":[{\"@type\":\"ListItem\",\"position\":1,\"name\":\"Accueil\",\"item\":\"https:\/\/gofi.fr\/admin\/\"},{\"@type\":\"ListItem\",\"position\":2,\"name\":\"Offres d&#8217;abonnement\",\"item\":\"https:\/\/gofi.fr\/admin\/boutique\/\"},{\"@type\":\"ListItem\",\"position\":3,\"name\":\"Partenaire du GOFI &#8211; Pack Soutien\"}]},{\"@type\":\"WebSite\",\"@id\":\"https:\/\/gofi.fr\/admin\/#website\",\"url\":\"https:\/\/gofi.fr\/admin\/\",\"name\":\"GOFI Espace Membre\",\"description\":\"L&#039;espace membre du site GOFI\",\"publisher\":{\"@id\":\"https:\/\/gofi.fr\/admin\/#organization\"},\"potentialAction\":[{\"@type\":\"SearchAction\",\"target\":{\"@type\":\"EntryPoint\",\"urlTemplate\":\"https:\/\/gofi.fr\/admin\/?s={search_term_string}\"},\"query-input\":{\"@type\":\"PropertyValueSpecification\",\"valueRequired\":true,\"valueName\":\"search_term_string\"}}],\"inLanguage\":\"fr-FR\"},{\"@type\":\"Organization\",\"@id\":\"https:\/\/gofi.fr\/admin\/#organization\",\"name\":\"GOFI Espace Membre\",\"url\":\"https:\/\/gofi.fr\/admin\/\",\"logo\":{\"@type\":\"ImageObject\",\"inLanguage\":\"fr-FR\",\"@id\":\"https:\/\/gofi.fr\/admin\/#\/schema\/logo\/image\/\",\"url\":\"https:\/\/gofi.fr\/admin\/wp-content\/uploads\/sites\/2\/2021\/11\/cropped-logo.png\",\"contentUrl\":\"https:\/\/gofi.fr\/admin\/wp-content\/uploads\/sites\/2\/2021\/11\/cropped-logo.png\",\"width\":512,\"height\":512,\"caption\":\"GOFI Espace Membre\"},\"image\":{\"@id\":\"https:\/\/gofi.fr\/admin\/#\/schema\/logo\/image\/\"}}]}<\/script>\n<!-- \/ Yoast SEO plugin. -->","yoast_head_json":{"title":"Partenaire du GOFI - Pack Soutien - GOFI Espace Membre","robots":{"index":"index","follow":"follow","max-snippet":"max-snippet:-1","max-image-preview":"max-image-preview:large","max-video-preview":"max-video-preview:-1"},"canonical":"https:\/\/gofi.fr\/admin\/produit\/partenaire-du-gofi-pack-soutiens\/","og_locale":"fr_FR","og_type":"article","og_title":"Partenaire du GOFI - Pack Soutien - GOFI Espace Membre","og_description":"Pack Soutien Visibilit\u00e9 sur le Kak\u00e9mono 1 pr\u00e9sentation au sein de la newsletter trimestrielle du GOFI &nbsp;","og_url":"https:\/\/gofi.fr\/admin\/produit\/partenaire-du-gofi-pack-soutiens\/","og_site_name":"GOFI Espace Membre","article_modified_time":"2026-03-11T15:23:03+00:00","og_image":[{"width":662,"height":769,"url":"https:\/\/gofi.fr\/admin\/wp-content\/uploads\/sites\/2\/2022\/03\/logo.png","type":"image\/png"}],"twitter_card":"summary_large_image","twitter_misc":{"Dur\u00e9e de lecture estim\u00e9e":"1 minute"},"schema":{"@context":"https:\/\/schema.org","@graph":[{"@type":"WebPage","@id":"https:\/\/gofi.fr\/admin\/produit\/partenaire-du-gofi-pack-soutiens\/","url":"https:\/\/gofi.fr\/admin\/produit\/partenaire-du-gofi-pack-soutiens\/","name":"Partenaire du GOFI - Pack Soutien - GOFI Espace Membre","isPartOf":{"@id":"https:\/\/gofi.fr\/admin\/#website"},"primaryImageOfPage":{"@id":"https:\/\/gofi.fr\/admin\/produit\/partenaire-du-gofi-pack-soutiens\/#primaryimage"},"image":{"@id":"https:\/\/gofi.fr\/admin\/produit\/partenaire-du-gofi-pack-soutiens\/#primaryimage"},"thumbnailUrl":"https:\/\/gofi.fr\/admin\/wp-content\/uploads\/sites\/2\/2022\/03\/logo.png","datePublished":"2022-08-05T09:41:30+00:00","dateModified":"2026-03-11T15:23:03+00:00","breadcrumb":{"@id":"https:\/\/gofi.fr\/admin\/produit\/partenaire-du-gofi-pack-soutiens\/#breadcrumb"},"inLanguage":"fr-FR","potentialAction":[{"@type":"ReadAction","target":["https:\/\/gofi.fr\/admin\/produit\/partenaire-du-gofi-pack-soutiens\/"]}]},{"@type":"ImageObject","inLanguage":"fr-FR","@id":"https:\/\/gofi.fr\/admin\/produit\/partenaire-du-gofi-pack-soutiens\/#primaryimage","url":"https:\/\/gofi.fr\/admin\/wp-content\/uploads\/sites\/2\/2022\/03\/logo.png","contentUrl":"https:\/\/gofi.fr\/admin\/wp-content\/uploads\/sites\/2\/2022\/03\/logo.png","width":662,"height":769},{"@type":"BreadcrumbList","@id":"https:\/\/gofi.fr\/admin\/produit\/partenaire-du-gofi-pack-soutiens\/#breadcrumb","itemListElement":[{"@type":"ListItem","position":1,"name":"Accueil","item":"https:\/\/gofi.fr\/admin\/"},{"@type":"ListItem","position":2,"name":"Offres d&#8217;abonnement","item":"https:\/\/gofi.fr\/admin\/boutique\/"},{"@type":"ListItem","position":3,"name":"Partenaire du GOFI &#8211; Pack Soutien"}]},{"@type":"WebSite","@id":"https:\/\/gofi.fr\/admin\/#website","url":"https:\/\/gofi.fr\/admin\/","name":"GOFI Espace Membre","description":"L&#039;espace membre du site GOFI","publisher":{"@id":"https:\/\/gofi.fr\/admin\/#organization"},"potentialAction":[{"@type":"SearchAction","target":{"@type":"EntryPoint","urlTemplate":"https:\/\/gofi.fr\/admin\/?s={search_term_string}"},"query-input":{"@type":"PropertyValueSpecification","valueRequired":true,"valueName":"search_term_string"}}],"inLanguage":"fr-FR"},{"@type":"Organization","@id":"https:\/\/gofi.fr\/admin\/#organization","name":"GOFI Espace Membre","url":"https:\/\/gofi.fr\/admin\/","logo":{"@type":"ImageObject","inLanguage":"fr-FR","@id":"https:\/\/gofi.fr\/admin\/#\/schema\/logo\/image\/","url":"https:\/\/gofi.fr\/admin\/wp-content\/uploads\/sites\/2\/2021\/11\/cropped-logo.png","contentUrl":"https:\/\/gofi.fr\/admin\/wp-content\/uploads\/sites\/2\/2021\/11\/cropped-logo.png","width":512,"height":512,"caption":"GOFI Espace Membre"},"image":{"@id":"https:\/\/gofi.fr\/admin\/#\/schema\/logo\/image\/"}}]}},"post_mailing_queue_ids":[],"_links":{"self":[{"href":"https:\/\/gofi.fr\/admin\/wp-json\/wp\/v2\/product\/14794"}],"collection":[{"href":"https:\/\/gofi.fr\/admin\/wp-json\/wp\/v2\/product"}],"about":[{"href":"https:\/\/gofi.fr\/admin\/wp-json\/wp\/v2\/types\/product"}],"replies":[{"embeddable":true,"href":"https:\/\/gofi.fr\/admin\/wp-json\/wp\/v2\/comments?post=14794"}],"wp:featuredmedia":[{"embeddable":true,"href":"https:\/\/gofi.fr\/admin\/wp-json\/wp\/v2\/media\/14222"}],"wp:attachment":[{"href":"https:\/\/gofi.fr\/admin\/wp-json\/wp\/v2\/media?parent=14794"}],"wp:term":[{"taxonomy":"product_cat","embeddable":true,"href":"https:\/\/gofi.fr\/admin\/wp-json\/wp\/v2\/product_cat?post=14794"},{"taxonomy":"product_tag","embeddable":true,"href":"https:\/\/gofi.fr\/admin\/wp-json\/wp\/v2\/product_tag?post=14794"}],"curies":[{"name":"wp","href":"https:\/\/api.w.org\/{rel}","templated":true}]}}