{"id":14280,"date":"2022-03-29T15:46:31","date_gmt":"2022-03-29T13:46:31","guid":{"rendered":"https:\/\/www.gofi.approchezvous.fr\/admin\/?post_type=product&#038;p=14280"},"modified":"2025-02-27T13:02:33","modified_gmt":"2025-02-27T12:02:33","slug":"partenaire-du-gofi-pack-black","status":"publish","type":"product","link":"https:\/\/gofi.fr\/admin\/produit\/partenaire-du-gofi-pack-black\/","title":{"rendered":"Partenaire du GOFI &#8211; Pack Black"},"content":{"rendered":"<p><strong>Abonnement annuel pour devenir &#8220;partenaire&#8221; du GOFI.<\/strong><\/p>\n<ul>\n<li>Un acc\u00e8s \u00e0 l&#8217;ensemble des op\u00e9rateurs fun\u00e9raires ind\u00e9pendants adh\u00e9rents<\/li>\n<li>Toute l\u2019actualit\u00e9 du GOFI en temps r\u00e9el<\/li>\n<li>Un acc\u00e8s \u00e0 une carte interactive pour localiser tous les OFI<\/li>\n<li>Une messagerie pour discuter avec l&#8217;ensemble des membres du GOFI<\/li>\n<li>Un espace \u201cPetites annonces\u201d pour vendre ou acheter un produit ou un service<\/li>\n<li>Un espace &#8220;Forum&#8221; pour trouver les r\u00e9ponses \u00e0 vos questions<\/li>\n<\/ul>\n<p><strong>Pack Black<\/strong><\/p>\n<ul>\n<li>Visibilit\u00e9 sur le Kak\u00e9mono<\/li>\n<li>Participation au COMEX<\/li>\n<li>1 publication sur nos r\u00e9seaux sociaux<\/li>\n<li>1 page d\u00e9di\u00e9e sur notre plateforme r\u00e9serv\u00e9e aux Gofistes<\/li>\n<li>1 affichage display en banni\u00e8re sur page d\u2019accueil pendant 2 semaines<\/li>\n<li>1 affichage display en banni\u00e8re sur page secondaire pendant 2 semaines<\/li>\n<li>1 affichage display en rectangle vertical sur les pages membres pendant 2 semaines<\/li>\n<li>1 pr\u00e9sentation au sein de la newsletter trimestrielle du GOFI<\/li>\n<li>1h de soutien dans la gestion de votre espace et la mise en ligne de vos publicit\u00e9s<\/li>\n<\/ul>\n<p>Cotisation : 6000,00 \u20ac TTC.<\/p>\n","protected":false},"excerpt":{"rendered":"<p>Abonnement annuel pour devenir &#8220;partenaire&#8221; du GOFI. Un acc\u00e8s \u00e0 l&#8217;ensemble des op\u00e9rateurs fun\u00e9raires ind\u00e9pendants adh\u00e9rents Toute l\u2019actualit\u00e9 du GOFI en temps r\u00e9el Un acc\u00e8s \u00e0 une carte interactive pour localiser tous les OFI Une messagerie pour discuter avec l&#8217;ensemble des membres du GOFI Un espace \u201cPetites annonces\u201d pour vendre ou acheter un produit ou [&hellip;]<\/p>\n","protected":false},"featured_media":14872,"comment_status":"open","ping_status":"closed","template":"","meta":{"_bbp_topic_count":0,"_bbp_reply_count":0,"_bbp_total_topic_count":0,"_bbp_total_reply_count":0,"_bbp_voice_count":0,"_bbp_anonymous_reply_count":0,"_bbp_topic_count_hidden":0,"_bbp_reply_count_hidden":0,"_bbp_forum_subforum_count":0,"pmpro_default_level":0},"product_cat":[104],"product_tag":[],"class_list":{"0":"post-14280","1":"product","2":"type-product","3":"status-publish","4":"has-post-thumbnail","6":"product_cat-partenaire","7":"pmpro-has-access","9":"first","10":"instock","11":"sold-individually","12":"taxable","13":"shipping-taxable","14":"purchasable","15":"product-type-simple"},"yoast_head":"<!-- This site is optimized with the Yoast SEO plugin v25.5 - https:\/\/yoast.com\/wordpress\/plugins\/seo\/ -->\n<title>Partenaire du GOFI - Pack Black - GOFI Espace Membre<\/title>\n<meta name=\"robots\" content=\"index, follow, max-snippet:-1, max-image-preview:large, max-video-preview:-1\" \/>\n<link rel=\"canonical\" href=\"https:\/\/gofi.fr\/admin\/produit\/partenaire-du-gofi-pack-black\/\" \/>\n<meta property=\"og:locale\" content=\"fr_FR\" \/>\n<meta property=\"og:type\" content=\"article\" \/>\n<meta property=\"og:title\" content=\"Partenaire du GOFI - Pack Black - GOFI Espace Membre\" \/>\n<meta property=\"og:description\" content=\"Abonnement annuel pour devenir &#8220;partenaire&#8221; du GOFI. Un acc\u00e8s \u00e0 l&#8217;ensemble des op\u00e9rateurs fun\u00e9raires ind\u00e9pendants adh\u00e9rents Toute l\u2019actualit\u00e9 du GOFI en temps r\u00e9el Un acc\u00e8s \u00e0 une carte interactive pour localiser tous les OFI Une messagerie pour discuter avec l&#8217;ensemble des membres du GOFI Un espace \u201cPetites annonces\u201d pour vendre ou acheter un produit ou [&hellip;]\" \/>\n<meta property=\"og:url\" content=\"https:\/\/gofi.fr\/admin\/produit\/partenaire-du-gofi-pack-black\/\" \/>\n<meta property=\"og:site_name\" content=\"GOFI Espace Membre\" \/>\n<meta property=\"article:modified_time\" content=\"2025-02-27T12:02:33+00:00\" \/>\n<meta property=\"og:image\" content=\"https:\/\/gofi.fr\/admin\/wp-content\/uploads\/sites\/2\/2022\/03\/black-copie.png\" \/>\n\t<meta property=\"og:image:width\" content=\"662\" \/>\n\t<meta property=\"og:image:height\" content=\"769\" \/>\n\t<meta property=\"og:image:type\" content=\"image\/png\" \/>\n<meta name=\"twitter:card\" content=\"summary_large_image\" \/>\n<meta name=\"twitter:label1\" content=\"Dur\u00e9e de lecture estim\u00e9e\" \/>\n\t<meta name=\"twitter:data1\" content=\"2 minutes\" \/>\n<script type=\"application\/ld+json\" class=\"yoast-schema-graph\">{\"@context\":\"https:\/\/schema.org\",\"@graph\":[{\"@type\":\"WebPage\",\"@id\":\"https:\/\/gofi.fr\/admin\/produit\/partenaire-du-gofi-pack-black\/\",\"url\":\"https:\/\/gofi.fr\/admin\/produit\/partenaire-du-gofi-pack-black\/\",\"name\":\"Partenaire du GOFI - Pack Black - GOFI Espace Membre\",\"isPartOf\":{\"@id\":\"https:\/\/gofi.fr\/admin\/#website\"},\"primaryImageOfPage\":{\"@id\":\"https:\/\/gofi.fr\/admin\/produit\/partenaire-du-gofi-pack-black\/#primaryimage\"},\"image\":{\"@id\":\"https:\/\/gofi.fr\/admin\/produit\/partenaire-du-gofi-pack-black\/#primaryimage\"},\"thumbnailUrl\":\"https:\/\/gofi.fr\/admin\/wp-content\/uploads\/sites\/2\/2022\/03\/black-copie.png\",\"datePublished\":\"2022-03-29T13:46:31+00:00\",\"dateModified\":\"2025-02-27T12:02:33+00:00\",\"breadcrumb\":{\"@id\":\"https:\/\/gofi.fr\/admin\/produit\/partenaire-du-gofi-pack-black\/#breadcrumb\"},\"inLanguage\":\"fr-FR\",\"potentialAction\":[{\"@type\":\"ReadAction\",\"target\":[\"https:\/\/gofi.fr\/admin\/produit\/partenaire-du-gofi-pack-black\/\"]}]},{\"@type\":\"ImageObject\",\"inLanguage\":\"fr-FR\",\"@id\":\"https:\/\/gofi.fr\/admin\/produit\/partenaire-du-gofi-pack-black\/#primaryimage\",\"url\":\"https:\/\/gofi.fr\/admin\/wp-content\/uploads\/sites\/2\/2022\/03\/black-copie.png\",\"contentUrl\":\"https:\/\/gofi.fr\/admin\/wp-content\/uploads\/sites\/2\/2022\/03\/black-copie.png\",\"width\":662,\"height\":769},{\"@type\":\"BreadcrumbList\",\"@id\":\"https:\/\/gofi.fr\/admin\/produit\/partenaire-du-gofi-pack-black\/#breadcrumb\",\"itemListElement\":[{\"@type\":\"ListItem\",\"position\":1,\"name\":\"Accueil\",\"item\":\"https:\/\/gofi.fr\/admin\/\"},{\"@type\":\"ListItem\",\"position\":2,\"name\":\"Offres d&#8217;abonnement\",\"item\":\"https:\/\/gofi.fr\/admin\/boutique\/\"},{\"@type\":\"ListItem\",\"position\":3,\"name\":\"Partenaire du GOFI &#8211; Pack Black\"}]},{\"@type\":\"WebSite\",\"@id\":\"https:\/\/gofi.fr\/admin\/#website\",\"url\":\"https:\/\/gofi.fr\/admin\/\",\"name\":\"GOFI Espace Membre\",\"description\":\"L&#039;espace membre du site GOFI\",\"publisher\":{\"@id\":\"https:\/\/gofi.fr\/admin\/#organization\"},\"potentialAction\":[{\"@type\":\"SearchAction\",\"target\":{\"@type\":\"EntryPoint\",\"urlTemplate\":\"https:\/\/gofi.fr\/admin\/?s={search_term_string}\"},\"query-input\":{\"@type\":\"PropertyValueSpecification\",\"valueRequired\":true,\"valueName\":\"search_term_string\"}}],\"inLanguage\":\"fr-FR\"},{\"@type\":\"Organization\",\"@id\":\"https:\/\/gofi.fr\/admin\/#organization\",\"name\":\"GOFI Espace Membre\",\"url\":\"https:\/\/gofi.fr\/admin\/\",\"logo\":{\"@type\":\"ImageObject\",\"inLanguage\":\"fr-FR\",\"@id\":\"https:\/\/gofi.fr\/admin\/#\/schema\/logo\/image\/\",\"url\":\"https:\/\/gofi.fr\/admin\/wp-content\/uploads\/sites\/2\/2021\/11\/cropped-logo.png\",\"contentUrl\":\"https:\/\/gofi.fr\/admin\/wp-content\/uploads\/sites\/2\/2021\/11\/cropped-logo.png\",\"width\":512,\"height\":512,\"caption\":\"GOFI Espace Membre\"},\"image\":{\"@id\":\"https:\/\/gofi.fr\/admin\/#\/schema\/logo\/image\/\"}}]}<\/script>\n<!-- \/ Yoast SEO plugin. -->","yoast_head_json":{"title":"Partenaire du GOFI - Pack Black - GOFI Espace Membre","robots":{"index":"index","follow":"follow","max-snippet":"max-snippet:-1","max-image-preview":"max-image-preview:large","max-video-preview":"max-video-preview:-1"},"canonical":"https:\/\/gofi.fr\/admin\/produit\/partenaire-du-gofi-pack-black\/","og_locale":"fr_FR","og_type":"article","og_title":"Partenaire du GOFI - Pack Black - GOFI Espace Membre","og_description":"Abonnement annuel pour devenir &#8220;partenaire&#8221; du GOFI. Un acc\u00e8s \u00e0 l&#8217;ensemble des op\u00e9rateurs fun\u00e9raires ind\u00e9pendants adh\u00e9rents Toute l\u2019actualit\u00e9 du GOFI en temps r\u00e9el Un acc\u00e8s \u00e0 une carte interactive pour localiser tous les OFI Une messagerie pour discuter avec l&#8217;ensemble des membres du GOFI Un espace \u201cPetites annonces\u201d pour vendre ou acheter un produit ou [&hellip;]","og_url":"https:\/\/gofi.fr\/admin\/produit\/partenaire-du-gofi-pack-black\/","og_site_name":"GOFI Espace Membre","article_modified_time":"2025-02-27T12:02:33+00:00","og_image":[{"width":662,"height":769,"url":"https:\/\/gofi.fr\/admin\/wp-content\/uploads\/sites\/2\/2022\/03\/black-copie.png","type":"image\/png"}],"twitter_card":"summary_large_image","twitter_misc":{"Dur\u00e9e de lecture estim\u00e9e":"2 minutes"},"schema":{"@context":"https:\/\/schema.org","@graph":[{"@type":"WebPage","@id":"https:\/\/gofi.fr\/admin\/produit\/partenaire-du-gofi-pack-black\/","url":"https:\/\/gofi.fr\/admin\/produit\/partenaire-du-gofi-pack-black\/","name":"Partenaire du GOFI - Pack Black - GOFI Espace Membre","isPartOf":{"@id":"https:\/\/gofi.fr\/admin\/#website"},"primaryImageOfPage":{"@id":"https:\/\/gofi.fr\/admin\/produit\/partenaire-du-gofi-pack-black\/#primaryimage"},"image":{"@id":"https:\/\/gofi.fr\/admin\/produit\/partenaire-du-gofi-pack-black\/#primaryimage"},"thumbnailUrl":"https:\/\/gofi.fr\/admin\/wp-content\/uploads\/sites\/2\/2022\/03\/black-copie.png","datePublished":"2022-03-29T13:46:31+00:00","dateModified":"2025-02-27T12:02:33+00:00","breadcrumb":{"@id":"https:\/\/gofi.fr\/admin\/produit\/partenaire-du-gofi-pack-black\/#breadcrumb"},"inLanguage":"fr-FR","potentialAction":[{"@type":"ReadAction","target":["https:\/\/gofi.fr\/admin\/produit\/partenaire-du-gofi-pack-black\/"]}]},{"@type":"ImageObject","inLanguage":"fr-FR","@id":"https:\/\/gofi.fr\/admin\/produit\/partenaire-du-gofi-pack-black\/#primaryimage","url":"https:\/\/gofi.fr\/admin\/wp-content\/uploads\/sites\/2\/2022\/03\/black-copie.png","contentUrl":"https:\/\/gofi.fr\/admin\/wp-content\/uploads\/sites\/2\/2022\/03\/black-copie.png","width":662,"height":769},{"@type":"BreadcrumbList","@id":"https:\/\/gofi.fr\/admin\/produit\/partenaire-du-gofi-pack-black\/#breadcrumb","itemListElement":[{"@type":"ListItem","position":1,"name":"Accueil","item":"https:\/\/gofi.fr\/admin\/"},{"@type":"ListItem","position":2,"name":"Offres d&#8217;abonnement","item":"https:\/\/gofi.fr\/admin\/boutique\/"},{"@type":"ListItem","position":3,"name":"Partenaire du GOFI &#8211; Pack Black"}]},{"@type":"WebSite","@id":"https:\/\/gofi.fr\/admin\/#website","url":"https:\/\/gofi.fr\/admin\/","name":"GOFI Espace Membre","description":"L&#039;espace membre du site GOFI","publisher":{"@id":"https:\/\/gofi.fr\/admin\/#organization"},"potentialAction":[{"@type":"SearchAction","target":{"@type":"EntryPoint","urlTemplate":"https:\/\/gofi.fr\/admin\/?s={search_term_string}"},"query-input":{"@type":"PropertyValueSpecification","valueRequired":true,"valueName":"search_term_string"}}],"inLanguage":"fr-FR"},{"@type":"Organization","@id":"https:\/\/gofi.fr\/admin\/#organization","name":"GOFI Espace Membre","url":"https:\/\/gofi.fr\/admin\/","logo":{"@type":"ImageObject","inLanguage":"fr-FR","@id":"https:\/\/gofi.fr\/admin\/#\/schema\/logo\/image\/","url":"https:\/\/gofi.fr\/admin\/wp-content\/uploads\/sites\/2\/2021\/11\/cropped-logo.png","contentUrl":"https:\/\/gofi.fr\/admin\/wp-content\/uploads\/sites\/2\/2021\/11\/cropped-logo.png","width":512,"height":512,"caption":"GOFI Espace Membre"},"image":{"@id":"https:\/\/gofi.fr\/admin\/#\/schema\/logo\/image\/"}}]}},"post_mailing_queue_ids":[],"_links":{"self":[{"href":"https:\/\/gofi.fr\/admin\/wp-json\/wp\/v2\/product\/14280"}],"collection":[{"href":"https:\/\/gofi.fr\/admin\/wp-json\/wp\/v2\/product"}],"about":[{"href":"https:\/\/gofi.fr\/admin\/wp-json\/wp\/v2\/types\/product"}],"replies":[{"embeddable":true,"href":"https:\/\/gofi.fr\/admin\/wp-json\/wp\/v2\/comments?post=14280"}],"wp:featuredmedia":[{"embeddable":true,"href":"https:\/\/gofi.fr\/admin\/wp-json\/wp\/v2\/media\/14872"}],"wp:attachment":[{"href":"https:\/\/gofi.fr\/admin\/wp-json\/wp\/v2\/media?parent=14280"}],"wp:term":[{"taxonomy":"product_cat","embeddable":true,"href":"https:\/\/gofi.fr\/admin\/wp-json\/wp\/v2\/product_cat?post=14280"},{"taxonomy":"product_tag","embeddable":true,"href":"https:\/\/gofi.fr\/admin\/wp-json\/wp\/v2\/product_tag?post=14280"}],"curies":[{"name":"wp","href":"https:\/\/api.w.org\/{rel}","templated":true}]}}